{"id":13,"date":"2022-03-01T10:37:25","date_gmt":"2022-03-01T10:37:25","guid":{"rendered":"https:\/\/sira.lu\/?page_id=13"},"modified":"2022-03-01T14:44:32","modified_gmt":"2022-03-01T14:44:32","slug":"homepage","status":"publish","type":"page","link":"https:\/\/sira.lu\/","title":{"rendered":"Homepage"},"content":{"rendered":"<p>[et_pb_section fb_built=&#8221;1&#8243; admin_label=&#8221;Hero section&#8221; _builder_version=&#8221;3.22&#8243; use_background_color_gradient=&#8221;on&#8221; background_color_gradient_start=&#8221;rgba(150,105,97,0.67)&#8221; background_color_gradient_end=&#8221;rgba(2,0,76,0.84)&#8221; background_color_gradient_overlays_image=&#8221;on&#8221; background_image=&#8221;https:\/\/sira.lu\/wp-content\/uploads\/2022\/03\/architect-firm-03.jpg&#8221; background_position=&#8221;top_center&#8221; custom_margin=&#8221;|||&#8221; custom_padding=&#8221;6.6%||6.6%||true|&#8221; global_colors_info=&#8221;{}&#8221;][et_pb_row _builder_version=&#8221;4.14.8&#8243; custom_margin=&#8221;|||&#8221; global_colors_info=&#8221;{}&#8221;][et_pb_column type=&#8221;4_4&#8243; _builder_version=&#8221;3.25&#8243; custom_padding=&#8221;1px|||&#8221; global_colors_info=&#8221;{}&#8221; custom_padding__hover=&#8221;|||&#8221;][et_pb_text _builder_version=&#8221;4.14.8&#8243; text_font=&#8221;Lato||||||||&#8221; text_font_size=&#8221;20px&#8221; text_line_height=&#8221;1.8em&#8221; header_font=&#8221;Lato|900|||||||&#8221; header_font_size=&#8221;80px&#8221; header_letter_spacing=&#8221;2px&#8221; header_line_height=&#8221;1.2em&#8221; background_layout=&#8221;dark&#8221; animation_style=&#8221;fold&#8221; header_font_size_tablet=&#8221;46px&#8221; header_font_size_phone=&#8221;36px&#8221; header_font_size_last_edited=&#8221;on|tablet&#8221; global_colors_info=&#8221;{}&#8221;]<\/p>\n<h1>Internationale Unterbringungen<\/h1>\n<p>Wir bieten Unterk\u00fcnfte f\u00fcr Bauarbeiter, Monteure und Arbeitsteams <strong>in der ganzen Welt.<\/strong><\/p>\n<p>[\/et_pb_text][\/et_pb_column][\/et_pb_row][\/et_pb_section][et_pb_section fb_built=&#8221;1&#8243; _builder_version=&#8221;3.22&#8243; custom_padding=&#8221;100px|0px|100px|0px&#8221; global_colors_info=&#8221;{}&#8221;][et_pb_row column_structure=&#8221;1_3,1_3,1_3&#8243; _builder_version=&#8221;3.25&#8243; custom_margin=&#8221;|||&#8221; custom_width_px=&#8221;1440px&#8221; global_colors_info=&#8221;{}&#8221;][et_pb_column type=&#8221;1_3&#8243; _builder_version=&#8221;3.25&#8243; custom_padding=&#8221;|||&#8221; global_colors_info=&#8221;{}&#8221; custom_padding__hover=&#8221;|||&#8221;][et_pb_blurb title=&#8221;WIR FINDEN F\u00dcR SIE DEN PERFEKTEN RAUM&#8221; image=&#8221;https:\/\/sira.lu\/wp-content\/uploads\/2022\/03\/pexels-timur-saglambilek-87223-1.jpg&#8221; _builder_version=&#8221;4.14.8&#8243; header_font=&#8221;Lato|900||on|||||&#8221; header_font_size=&#8221;15px&#8221; header_letter_spacing=&#8221;1px&#8221; header_line_height=&#8221;1.4em&#8221; body_font=&#8221;Lato||||||||&#8221; body_text_color=&#8221;#898f99&#8243; body_font_size=&#8221;16px&#8221; body_line_height=&#8221;1.6em&#8221; text_orientation=&#8221;center&#8221; custom_margin=&#8221;|||&#8221; custom_padding=&#8221;|||&#8221; animation_style=&#8221;slide&#8221; animation_direction=&#8221;bottom&#8221; animation_intensity_slide=&#8221;4%&#8221; animation=&#8221;off&#8221; hover_enabled=&#8221;0&#8243; border_radii=&#8221;on|15px|15px|15px|15px&#8221; use_circle=&#8221;on&#8221; circle_color=&#8221;#3c39e6&#8243; global_colors_info=&#8221;{}&#8221; title_text=&#8221;pexels-timur-saglambilek-87223 (1)&#8221; sticky_enabled=&#8221;0&#8243;]<\/p>\n<p>Ganz gleich, wo Ihr Projekt liegt, wir finden den Raum, der Ihrem Arbeitsplatz am n\u00e4chsten liegt.<\/p>\n<p>[\/et_pb_blurb][\/et_pb_column][et_pb_column type=&#8221;1_3&#8243; _builder_version=&#8221;3.25&#8243; custom_padding=&#8221;|||&#8221; global_colors_info=&#8221;{}&#8221; custom_padding__hover=&#8221;|||&#8221;][et_pb_blurb title=&#8221;WIR ARBEITEN MIT IHREN BED\u00dcRFNISSEN&#8221; image=&#8221;https:\/\/sira.lu\/wp-content\/uploads\/2022\/03\/pexels-cottonbro-4065885.jpg&#8221; _builder_version=&#8221;4.14.8&#8243; header_font=&#8221;Lato|900||on|||||&#8221; header_font_size=&#8221;15px&#8221; header_letter_spacing=&#8221;1px&#8221; header_line_height=&#8221;1.4em&#8221; body_font=&#8221;Lato||||||||&#8221; body_text_color=&#8221;#898f99&#8243; body_font_size=&#8221;16px&#8221; body_line_height=&#8221;1.6em&#8221; text_orientation=&#8221;center&#8221; custom_margin=&#8221;|||&#8221; custom_padding=&#8221;|||&#8221; animation_style=&#8221;slide&#8221; animation_direction=&#8221;bottom&#8221; animation_delay=&#8221;100ms&#8221; animation_intensity_slide=&#8221;4%&#8221; animation=&#8221;off&#8221; border_radii=&#8221;on|15px|15px|15px|15px&#8221; use_circle=&#8221;on&#8221; circle_color=&#8221;#3c39e6&#8243; global_colors_info=&#8221;{}&#8221;]<\/p>\n<p>Wir arbeiten bereits seit Jahrzehnten mit Dutzenden von Unternehmen zusammen und sorgen daf\u00fcr, dass Sie alle Ihre W\u00fcnsche erf\u00fcllen k\u00f6nnen!<\/p>\n<p>[\/et_pb_blurb][\/et_pb_column][et_pb_column type=&#8221;1_3&#8243; _builder_version=&#8221;3.25&#8243; custom_padding=&#8221;|||&#8221; global_colors_info=&#8221;{}&#8221; custom_padding__hover=&#8221;|||&#8221;][et_pb_blurb title=&#8221;SICHERHEIT. PRIVATSPH\u00c4RE. DAS IST ES.&#8221; image=&#8221;https:\/\/sira.lu\/wp-content\/uploads\/2022\/03\/pexels-james-frid-901941.jpg&#8221; _builder_version=&#8221;4.14.8&#8243; header_font=&#8221;Lato|900||on|||||&#8221; header_font_size=&#8221;15px&#8221; header_letter_spacing=&#8221;1px&#8221; header_line_height=&#8221;1.4em&#8221; body_font=&#8221;Lato||||||||&#8221; body_text_color=&#8221;#898f99&#8243; body_font_size=&#8221;16px&#8221; body_line_height=&#8221;1.6em&#8221; text_orientation=&#8221;center&#8221; custom_margin=&#8221;|||&#8221; custom_padding=&#8221;|||&#8221; animation_style=&#8221;slide&#8221; animation_direction=&#8221;bottom&#8221; animation_delay=&#8221;200ms&#8221; animation_intensity_slide=&#8221;4%&#8221; animation=&#8221;off&#8221; border_radii=&#8221;on|15px|15px|15px|15px&#8221; use_circle=&#8221;on&#8221; circle_color=&#8221;#3c39e6&#8243; global_colors_info=&#8221;{}&#8221;]<\/p>\n<p>Unsere Priorit\u00e4t bleibt die Sicherheit und der Privatsph\u00e4re unserer Kunden.\u00a0<\/p>\n<p>[\/et_pb_blurb][\/et_pb_column][\/et_pb_row][\/et_pb_section][et_pb_section fb_built=&#8221;1&#8243; _builder_version=&#8221;3.22&#8243; background_color=&#8221;rgba(0,0,0,0.03)&#8221; background_position=&#8221;top_center&#8221; custom_margin=&#8221;|||&#8221; custom_padding=&#8221;100px||100px|&#8221; global_colors_info=&#8221;{}&#8221;][et_pb_row _builder_version=&#8221;3.25&#8243; custom_margin=&#8221;|||&#8221; locked=&#8221;off&#8221; global_colors_info=&#8221;{}&#8221;][et_pb_column type=&#8221;4_4&#8243; _builder_version=&#8221;3.25&#8243; custom_padding=&#8221;|||&#8221; global_colors_info=&#8221;{}&#8221; custom_padding__hover=&#8221;|||&#8221;][et_pb_text _builder_version=&#8221;4.14.8&#8243; text_font=&#8221;Lato||||||||&#8221; text_text_color=&#8221;#898f99&#8243; text_font_size=&#8221;18px&#8221; text_line_height=&#8221;2em&#8221; header_font=&#8221;||||||||&#8221; header_2_font=&#8221;Lato|700|||||||&#8221; header_2_font_size=&#8221;42px&#8221; header_2_line_height=&#8221;1.5em&#8221; text_orientation=&#8221;center&#8221; max_width=&#8221;800px&#8221; module_alignment=&#8221;center&#8221; custom_padding=&#8221;||0px|||&#8221; locked=&#8221;off&#8221; global_colors_info=&#8221;{}&#8221;]<\/p>\n<h2>Unsere Geschichte<\/h2>\n<p>Wir verf\u00fcgen \u00fcber jahrzehntelange Erfahrung in der Unterbringung von Technikern, Bauleitern und Projektmanagern.<br \/>\nBei uns sind Sie an der richtigen Adresse.<\/p>\n<p><span style=\"color: #633774;\"><strong>Konzentrieren Sie sich auf Ihr Kerngesch\u00e4ft, wir k\u00fcmmern uns um den Rest.<\/strong><\/span>[\/et_pb_text][\/et_pb_column][\/et_pb_row][\/et_pb_section]<\/p>\n","protected":false},"excerpt":{"rendered":"<p>Internationale Unterbringungen Wir bieten Unterk\u00fcnfte f\u00fcr Bauarbeiter, Monteure und Arbeitsteams in der ganzen Welt.Ganz gleich, wo Ihr Projekt liegt, wir finden den Raum, der Ihrem Arbeitsplatz am n\u00e4chsten liegt.Wir arbeiten bereits seit Jahrzehnten mit Dutzenden von Unternehmen zusammen und sorgen daf\u00fcr, dass Sie alle Ihre W\u00fcnsche erf\u00fcllen k\u00f6nnen!Unsere Priorit\u00e4t bleibt die Sicherheit und der Privatsph\u00e4re [&hellip;]<\/p>\n","protected":false},"author":1,"featured_media":0,"parent":0,"menu_order":0,"comment_status":"closed","ping_status":"closed","template":"","meta":{"_et_pb_use_builder":"on","_et_pb_old_content":"","_et_gb_content_width":"","footnotes":""},"class_list":["post-13","page","type-page","status-publish","hentry"],"yoast_head":"<!-- This site is optimized with the Yoast SEO plugin v18.2 - https:\/\/yoast.com\/wordpress\/plugins\/seo\/ -->\n<title>Sira - Internationale Unterk\u00fcnfte<\/title>\n<meta name=\"description\" content=\"Wir bieten Unterk\u00fcnfte f\u00fcr Bauarbeiter, Monteure und Arbeitsteams in der ganzen Welt, ganz gleich, wo Ihr Projekt liegt.\" \/>\n<meta name=\"robots\" content=\"index, follow, max-snippet:-1, max-image-preview:large, max-video-preview:-1\" \/>\n<link rel=\"canonical\" href=\"https:\/\/sira.lu\/\" \/>\n<meta property=\"og:locale\" content=\"en_US\" \/>\n<meta property=\"og:type\" content=\"article\" \/>\n<meta property=\"og:title\" content=\"Sira - Internationale Unterk\u00fcnfte\" \/>\n<meta property=\"og:description\" content=\"Wir bieten Unterk\u00fcnfte f\u00fcr Bauarbeiter, Monteure und Arbeitsteams in der ganzen Welt, ganz gleich, wo Ihr Projekt liegt.\" \/>\n<meta property=\"og:url\" content=\"https:\/\/sira.lu\/\" \/>\n<meta property=\"og:site_name\" content=\"Sira\" \/>\n<meta property=\"article:modified_time\" content=\"2022-03-01T14:44:32+00:00\" \/>\n<meta name=\"twitter:card\" content=\"summary_large_image\" \/>\n<meta name=\"twitter:label1\" content=\"Est. reading time\" \/>\n\t<meta name=\"twitter:data1\" content=\"2 minutes\" \/>\n<script type=\"application\/ld+json\" class=\"yoast-schema-graph\">{\"@context\":\"https:\/\/schema.org\",\"@graph\":[{\"@type\":\"Organization\",\"@id\":\"https:\/\/sira.lu\/#organization\",\"name\":\"Sira S\u00e0rl\",\"url\":\"https:\/\/sira.lu\/\",\"sameAs\":[],\"logo\":{\"@type\":\"ImageObject\",\"@id\":\"https:\/\/sira.lu\/#logo\",\"inLanguage\":\"en-US\",\"url\":\"https:\/\/sira.lu\/wp-content\/uploads\/2022\/02\/Sira-Logo-Klein.png\",\"contentUrl\":\"https:\/\/sira.lu\/wp-content\/uploads\/2022\/02\/Sira-Logo-Klein.png\",\"width\":965,\"height\":415,\"caption\":\"Sira S\u00e0rl\"},\"image\":{\"@id\":\"https:\/\/sira.lu\/#logo\"}},{\"@type\":\"WebSite\",\"@id\":\"https:\/\/sira.lu\/#website\",\"url\":\"https:\/\/sira.lu\/\",\"name\":\"Sira\",\"description\":\"International accomodations\",\"publisher\":{\"@id\":\"https:\/\/sira.lu\/#organization\"},\"potentialAction\":[{\"@type\":\"SearchAction\",\"target\":{\"@type\":\"EntryPoint\",\"urlTemplate\":\"https:\/\/sira.lu\/?s={search_term_string}\"},\"query-input\":\"required name=search_term_string\"}],\"inLanguage\":\"en-US\"},{\"@type\":\"WebPage\",\"@id\":\"https:\/\/sira.lu\/#webpage\",\"url\":\"https:\/\/sira.lu\/\",\"name\":\"Sira - Internationale Unterk\u00fcnfte\",\"isPartOf\":{\"@id\":\"https:\/\/sira.lu\/#website\"},\"datePublished\":\"2022-03-01T10:37:25+00:00\",\"dateModified\":\"2022-03-01T14:44:32+00:00\",\"description\":\"Wir bieten Unterk\u00fcnfte f\u00fcr Bauarbeiter, Monteure und Arbeitsteams in der ganzen Welt, ganz gleich, wo Ihr Projekt liegt.\",\"breadcrumb\":{\"@id\":\"https:\/\/sira.lu\/#breadcrumb\"},\"inLanguage\":\"en-US\",\"potentialAction\":[{\"@type\":\"ReadAction\",\"target\":[\"https:\/\/sira.lu\/\"]}]},{\"@type\":\"BreadcrumbList\",\"@id\":\"https:\/\/sira.lu\/#breadcrumb\",\"itemListElement\":[{\"@type\":\"ListItem\",\"position\":1,\"name\":\"Home\",\"item\":\"https:\/\/sira.lu\/\"},{\"@type\":\"ListItem\",\"position\":2,\"name\":\"Homepage\"}]}]}<\/script>\n<!-- \/ Yoast SEO plugin. -->","yoast_head_json":{"title":"Sira - Internationale Unterk\u00fcnfte","description":"Wir bieten Unterk\u00fcnfte f\u00fcr Bauarbeiter, Monteure und Arbeitsteams in der ganzen Welt, ganz gleich, wo Ihr Projekt liegt.","robots":{"index":"index","follow":"follow","max-snippet":"max-snippet:-1","max-image-preview":"max-image-preview:large","max-video-preview":"max-video-preview:-1"},"canonical":"https:\/\/sira.lu\/","og_locale":"en_US","og_type":"article","og_title":"Sira - Internationale Unterk\u00fcnfte","og_description":"Wir bieten Unterk\u00fcnfte f\u00fcr Bauarbeiter, Monteure und Arbeitsteams in der ganzen Welt, ganz gleich, wo Ihr Projekt liegt.","og_url":"https:\/\/sira.lu\/","og_site_name":"Sira","article_modified_time":"2022-03-01T14:44:32+00:00","twitter_card":"summary_large_image","twitter_misc":{"Est. reading time":"2 minutes"},"schema":{"@context":"https:\/\/schema.org","@graph":[{"@type":"Organization","@id":"https:\/\/sira.lu\/#organization","name":"Sira S\u00e0rl","url":"https:\/\/sira.lu\/","sameAs":[],"logo":{"@type":"ImageObject","@id":"https:\/\/sira.lu\/#logo","inLanguage":"en-US","url":"https:\/\/sira.lu\/wp-content\/uploads\/2022\/02\/Sira-Logo-Klein.png","contentUrl":"https:\/\/sira.lu\/wp-content\/uploads\/2022\/02\/Sira-Logo-Klein.png","width":965,"height":415,"caption":"Sira S\u00e0rl"},"image":{"@id":"https:\/\/sira.lu\/#logo"}},{"@type":"WebSite","@id":"https:\/\/sira.lu\/#website","url":"https:\/\/sira.lu\/","name":"Sira","description":"International accomodations","publisher":{"@id":"https:\/\/sira.lu\/#organization"},"potentialAction":[{"@type":"SearchAction","target":{"@type":"EntryPoint","urlTemplate":"https:\/\/sira.lu\/?s={search_term_string}"},"query-input":"required name=search_term_string"}],"inLanguage":"en-US"},{"@type":"WebPage","@id":"https:\/\/sira.lu\/#webpage","url":"https:\/\/sira.lu\/","name":"Sira - Internationale Unterk\u00fcnfte","isPartOf":{"@id":"https:\/\/sira.lu\/#website"},"datePublished":"2022-03-01T10:37:25+00:00","dateModified":"2022-03-01T14:44:32+00:00","description":"Wir bieten Unterk\u00fcnfte f\u00fcr Bauarbeiter, Monteure und Arbeitsteams in der ganzen Welt, ganz gleich, wo Ihr Projekt liegt.","breadcrumb":{"@id":"https:\/\/sira.lu\/#breadcrumb"},"inLanguage":"en-US","potentialAction":[{"@type":"ReadAction","target":["https:\/\/sira.lu\/"]}]},{"@type":"BreadcrumbList","@id":"https:\/\/sira.lu\/#breadcrumb","itemListElement":[{"@type":"ListItem","position":1,"name":"Home","item":"https:\/\/sira.lu\/"},{"@type":"ListItem","position":2,"name":"Homepage"}]}]}},"_links":{"self":[{"href":"https:\/\/sira.lu\/index.php?rest_route=\/wp\/v2\/pages\/13","targetHints":{"allow":["GET"]}}],"collection":[{"href":"https:\/\/sira.lu\/index.php?rest_route=\/wp\/v2\/pages"}],"about":[{"href":"https:\/\/sira.lu\/index.php?rest_route=\/wp\/v2\/types\/page"}],"author":[{"embeddable":true,"href":"https:\/\/sira.lu\/index.php?rest_route=\/wp\/v2\/users\/1"}],"replies":[{"embeddable":true,"href":"https:\/\/sira.lu\/index.php?rest_route=%2Fwp%2Fv2%2Fcomments&post=13"}],"version-history":[{"count":18,"href":"https:\/\/sira.lu\/index.php?rest_route=\/wp\/v2\/pages\/13\/revisions"}],"predecessor-version":[{"id":102,"href":"https:\/\/sira.lu\/index.php?rest_route=\/wp\/v2\/pages\/13\/revisions\/102"}],"wp:attachment":[{"href":"https:\/\/sira.lu\/index.php?rest_route=%2Fwp%2Fv2%2Fmedia&parent=13"}],"curies":[{"name":"wp","href":"https:\/\/api.w.org\/{rel}","templated":true}]}}